{"id":1536,"date":"2025-09-27T14:14:51","date_gmt":"2025-09-27T19:14:51","guid":{"rendered":"https:\/\/compresoresindustrialessac.com\/?page_id=1536"},"modified":"2025-10-10T16:33:28","modified_gmt":"2025-10-10T21:33:28","slug":"compresores","status":"publish","type":"page","link":"https:\/\/compresoresindustrialessac.com\/index.php\/compresores\/","title":{"rendered":"Compresores"},"content":{"rendered":"\t\t<div data-elementor-type=\"wp-page\" data-elementor-id=\"1536\" class=\"elementor elementor-1536\">\n\t\t\t\t<div class=\"elementor-element elementor-element-4e80dfe e-flex e-con-boxed e-con e-parent\" data-id=\"4e80dfe\" data-element_type=\"container\">\n\t\t\t\t\t<div class=\"e-con-inner\">\n\t\t\t\t<div class=\"elementor-element elementor-element-3e7b8e2 elementor-widget elementor-widget-spacer\" data-id=\"3e7b8e2\" data-element_type=\"widget\" data-widget_type=\"spacer.default\">\n\t\t\t\t<div class=\"elementor-widget-container\">\n\t\t\t\t\t\t\t<div class=\"elementor-spacer\">\n\t\t\t<div class=\"elementor-spacer-inner\"><\/div>\n\t\t<\/div>\n\t\t\t\t\t\t<\/div>\n\t\t\t\t<\/div>\n\t\t\t\t\t<\/div>\n\t\t\t\t<\/div>\n\t\t<div class=\"elementor-element elementor-element-f09de45 e-con-full e-flex e-con e-parent\" data-id=\"f09de45\" data-element_type=\"container\" data-settings=\"{&quot;background_background&quot;:&quot;classic&quot;}\">\n\t\t<div class=\"elementor-element elementor-element-ace1894 e-flex e-con-boxed e-con e-child\" data-id=\"ace1894\" data-element_type=\"container\">\n\t\t\t\t\t<div class=\"e-con-inner\">\n\t\t<div class=\"elementor-element elementor-element-db2dd91 e-con-full e-flex e-con e-child\" data-id=\"db2dd91\" data-element_type=\"container\">\n\t\t\t\t<div class=\"elementor-element elementor-element-288bd4b elementor-widget elementor-widget-heading\" data-id=\"288bd4b\" data-element_type=\"widget\" data-widget_type=\"heading.default\">\n\t\t\t\t<div class=\"elementor-widget-container\">\n\t\t\t\t\t<h2 class=\"elementor-heading-title elementor-size-default\">COMPRESORES INDUSTRIALES<\/h2>\t\t\t\t<\/div>\n\t\t\t\t<\/div>\n\t\t\t\t<\/div>\n\t\t\t\t\t<\/div>\n\t\t\t\t<\/div>\n\t\t\t\t<\/div>\n\t\t<div class=\"elementor-element elementor-element-67081f1 e-con-full e-flex e-con e-parent\" data-id=\"67081f1\" data-element_type=\"container\">\n\t\t<div class=\"elementor-element elementor-element-50e2919 e-con-full e-flex e-con e-child\" data-id=\"50e2919\" data-element_type=\"container\">\n\t\t<div class=\"elementor-element elementor-element-9acbcb2 e-con-full e-flex e-con e-child\" data-id=\"9acbcb2\" data-element_type=\"container\" data-settings=\"{&quot;background_background&quot;:&quot;classic&quot;}\">\n\t\t\t\t<\/div>\n\t\t<div class=\"elementor-element elementor-element-f77f127 e-con-full e-flex e-con e-child\" data-id=\"f77f127\" data-element_type=\"container\">\n\t\t\t\t<div class=\"elementor-element elementor-element-4c97a84 elementor-widget elementor-widget-heading\" data-id=\"4c97a84\" data-element_type=\"widget\" data-widget_type=\"heading.default\">\n\t\t\t\t<div class=\"elementor-widget-container\">\n\t\t\t\t\t<h2 class=\"elementor-heading-title elementor-size-default\">Nuestros Compresores.<\/h2>\t\t\t\t<\/div>\n\t\t\t\t<\/div>\n\t\t<div class=\"elementor-element elementor-element-25b84f3 e-con-full e-flex e-con e-child\" data-id=\"25b84f3\" data-element_type=\"container\" data-settings=\"{&quot;background_background&quot;:&quot;classic&quot;}\">\n\t\t\t\t<div class=\"elementor-element elementor-element-ea8c0d0 elementor-widget elementor-widget-text-editor\" data-id=\"ea8c0d0\" data-element_type=\"widget\" data-widget_type=\"text-editor.default\">\n\t\t\t\t<div class=\"elementor-widget-container\">\n\t\t\t\t\t\t\t\t\t<p>\u201cEn Compresores del Per\u00fa SAC te ofrecemos potencia, eficiencia y confiabilidad. Nuestros compresores industriales est\u00e1n dise\u00f1ados para optimizar tus procesos, reducir costos energ\u00e9ticos y garantizar el m\u00e1ximo rendimiento en cada aplicaci\u00f3n.\u201d<\/p>\t\t\t\t\t\t\t\t<\/div>\n\t\t\t\t<\/div>\n\t\t\t\t<\/div>\n\t\t<div class=\"elementor-element elementor-element-ba12b4e e-con-full e-flex e-con e-child\" data-id=\"ba12b4e\" data-element_type=\"container\">\n\t\t\t\t<div class=\"elementor-element elementor-element-8b996bb elementor-grid-eael-col-3 elementor-grid-tablet-eael-col-2 elementor-grid-mobile-eael-col-1 elementor-widget elementor-widget-eael-post-grid\" data-id=\"8b996bb\" data-element_type=\"widget\" data-settings=\"{&quot;eael_post_grid_columns&quot;:&quot;eael-col-3&quot;,&quot;eael_post_grid_columns_tablet&quot;:&quot;eael-col-2&quot;,&quot;eael_post_grid_columns_mobile&quot;:&quot;eael-col-1&quot;}\" data-widget_type=\"eael-post-grid.default\">\n\t\t\t\t<div class=\"elementor-widget-container\">\n\t\t\t\t\t<div id=\"eael-post-grid-8b996bb\" class=\"eael-post-grid-container\">\n            <div class=\"eael-post-grid eael-post-appender eael-post-appender-8b996bb eael-post-grid-style-two\" data-layout-mode=\"masonry\"><article class=\"eael-grid-post eael-post-grid-column\" data-id=\"1061\">\n    <div class=\"eael-grid-post-holder\">\n        <div class=\"eael-grid-post-holder-inner\"><div class=\"eael-entry-media\"><div class=\"eael-entry-overlay fade-in\"><i class=\"fas fa-long-arrow-alt-right\" aria-hidden=\"true\"><\/i><a href=\"https:\/\/compresoresindustrialessac.com\/index.php\/2025\/02\/28\/compresores-ingersoll-rand\/\"target=\"_blank\"><\/a><\/div><div class=\"eael-entry-thumbnail \">\n                            <img fetchpriority=\"high\" decoding=\"async\" width=\"252\" height=\"300\" src=\"https:\/\/compresoresindustrialessac.com\/wp-content\/uploads\/2025\/02\/Model4-252x300.jpg\" class=\"attachment-medium size-medium wp-image-1062\" alt=\"\" srcset=\"https:\/\/compresoresindustrialessac.com\/wp-content\/uploads\/2025\/02\/Model4-252x300.jpg 252w, https:\/\/compresoresindustrialessac.com\/wp-content\/uploads\/2025\/02\/Model4.jpg 768w\" sizes=\"(max-width: 252px) 100vw, 252px\" \/>\n                            <\/div>\n                    <\/div><div class=\"eael-entry-wrapper\"><header class=\"eael-entry-header\"><h2 class=\"eael-entry-title\"><a class=\"eael-grid-post-link\" href=\"https:\/\/compresoresindustrialessac.com\/index.php\/2025\/02\/28\/compresores-ingersoll-rand\/\" title=\"Compresores INGERSOLL RAND\">Compresores INGERSOLL RAND<\/a><\/h2><\/header><\/div><\/div>\n    <\/div>\n<\/article><article class=\"eael-grid-post eael-post-grid-column\" data-id=\"1053\">\n    <div class=\"eael-grid-post-holder\">\n        <div class=\"eael-grid-post-holder-inner\"><div class=\"eael-entry-media\"><div class=\"eael-entry-overlay fade-in\"><i class=\"fas fa-long-arrow-alt-right\" aria-hidden=\"true\"><\/i><a href=\"https:\/\/compresoresindustrialessac.com\/index.php\/2025\/02\/28\/compresores-kaeser\/\"target=\"_blank\"><\/a><\/div><div class=\"eael-entry-thumbnail \">\n                            <img decoding=\"async\" width=\"252\" height=\"300\" src=\"https:\/\/compresoresindustrialessac.com\/wp-content\/uploads\/2025\/02\/Model3-252x300.jpg\" class=\"attachment-medium size-medium wp-image-1054\" alt=\"\" srcset=\"https:\/\/compresoresindustrialessac.com\/wp-content\/uploads\/2025\/02\/Model3-252x300.jpg 252w, https:\/\/compresoresindustrialessac.com\/wp-content\/uploads\/2025\/02\/Model3.jpg 768w\" sizes=\"(max-width: 252px) 100vw, 252px\" \/>\n                            <\/div>\n                    <\/div><div class=\"eael-entry-wrapper\"><header class=\"eael-entry-header\"><h2 class=\"eael-entry-title\"><a class=\"eael-grid-post-link\" href=\"https:\/\/compresoresindustrialessac.com\/index.php\/2025\/02\/28\/compresores-kaeser\/\" title=\"Compresores KAESER\">Compresores KAESER<\/a><\/h2><\/header><\/div><\/div>\n    <\/div>\n<\/article><article class=\"eael-grid-post eael-post-grid-column\" data-id=\"1041\">\n    <div class=\"eael-grid-post-holder\">\n        <div class=\"eael-grid-post-holder-inner\"><div class=\"eael-entry-media\"><div class=\"eael-entry-overlay fade-in\"><i class=\"fas fa-long-arrow-alt-right\" aria-hidden=\"true\"><\/i><a href=\"https:\/\/compresoresindustrialessac.com\/index.php\/2025\/02\/28\/compresores-atlas-copco\/\"target=\"_blank\"><\/a><\/div><div class=\"eael-entry-thumbnail \">\n                            <img decoding=\"async\" width=\"252\" height=\"300\" src=\"https:\/\/compresoresindustrialessac.com\/wp-content\/uploads\/2025\/02\/Mode2-252x300.jpg\" class=\"attachment-medium size-medium wp-image-1043\" alt=\"\" srcset=\"https:\/\/compresoresindustrialessac.com\/wp-content\/uploads\/2025\/02\/Mode2-252x300.jpg 252w, https:\/\/compresoresindustrialessac.com\/wp-content\/uploads\/2025\/02\/Mode2.jpg 768w\" sizes=\"(max-width: 252px) 100vw, 252px\" \/>\n                            <\/div>\n                    <\/div><div class=\"eael-entry-wrapper\"><header class=\"eael-entry-header\"><h2 class=\"eael-entry-title\"><a class=\"eael-grid-post-link\" href=\"https:\/\/compresoresindustrialessac.com\/index.php\/2025\/02\/28\/compresores-atlas-copco\/\" title=\"Compresores ATLAS COPCO\">Compresores ATLAS COPCO<\/a><\/h2><\/header><\/div><\/div>\n    <\/div>\n<\/article><article class=\"eael-grid-post eael-post-grid-column\" data-id=\"780\">\n    <div class=\"eael-grid-post-holder\">\n        <div class=\"eael-grid-post-holder-inner\"><div class=\"eael-entry-media\"><div class=\"eael-entry-overlay fade-in\"><i class=\"fas fa-long-arrow-alt-right\" aria-hidden=\"true\"><\/i><a href=\"https:\/\/compresoresindustrialessac.com\/index.php\/2025\/02\/13\/mikropor-mke-375\/\"target=\"_blank\"><\/a><\/div><div class=\"eael-entry-thumbnail \">\n                            <img loading=\"lazy\" decoding=\"async\" width=\"252\" height=\"300\" src=\"https:\/\/compresoresindustrialessac.com\/wp-content\/uploads\/2025\/02\/Model1-252x300.jpg\" class=\"attachment-medium size-medium wp-image-1037\" alt=\"\" srcset=\"https:\/\/compresoresindustrialessac.com\/wp-content\/uploads\/2025\/02\/Model1-252x300.jpg 252w, https:\/\/compresoresindustrialessac.com\/wp-content\/uploads\/2025\/02\/Model1.jpg 768w\" sizes=\"(max-width: 252px) 100vw, 252px\" \/>\n                            <\/div>\n                    <\/div><div class=\"eael-entry-wrapper\"><header class=\"eael-entry-header\"><h2 class=\"eael-entry-title\"><a class=\"eael-grid-post-link\" href=\"https:\/\/compresoresindustrialessac.com\/index.php\/2025\/02\/13\/mikropor-mke-375\/\" title=\"Compresores SULLAIR\">Compresores SULLAIR<\/a><\/h2><\/header><\/div><\/div>\n    <\/div>\n<\/article><article class=\"eael-grid-post eael-post-grid-column\" data-id=\"323\">\n    <div class=\"eael-grid-post-holder\">\n        <div class=\"eael-grid-post-holder-inner\"><div class=\"eael-entry-media\"><div class=\"eael-entry-overlay fade-in\"><i class=\"fas fa-long-arrow-alt-right\" aria-hidden=\"true\"><\/i><a href=\"https:\/\/compresoresindustrialessac.com\/index.php\/2025\/02\/06\/productoprueba2\/\"target=\"_blank\"><\/a><\/div><div class=\"eael-entry-thumbnail \">\n                            <img loading=\"lazy\" decoding=\"async\" width=\"252\" height=\"300\" src=\"https:\/\/compresoresindustrialessac.com\/wp-content\/uploads\/2025\/02\/ModeloA1.jpg\" class=\"attachment-medium size-medium wp-image-785\" alt=\"\" \/>\n                            <\/div>\n                    <\/div><div class=\"eael-entry-wrapper\"><header class=\"eael-entry-header\"><h2 class=\"eael-entry-title\"><a class=\"eael-grid-post-link\" href=\"https:\/\/compresoresindustrialessac.com\/index.php\/2025\/02\/06\/productoprueba2\/\" title=\"Compresores MIKROP\">Compresores MIKROP<\/a><\/h2><\/header><\/div><\/div>\n    <\/div>\n<\/article><\/div>\n            <div class=\"clearfix\"><\/div>\n        <\/div>\t\t\t\t<\/div>\n\t\t\t\t<\/div>\n\t\t\t\t<\/div>\n\t\t\t\t<\/div>\n\t\t\t\t<\/div>\n\t\t\t\t<\/div>\n\t\t\t\t<\/div>\n\t\t","protected":false},"excerpt":{"rendered":"<p>COMPRESORES INDUSTRIALES Nuestros Compresores. \u201cEn Compresores del Per\u00fa SAC te ofrecemos potencia, eficiencia y confiabilidad. Nuestros compresores industriales est\u00e1n dise\u00f1ados para optimizar tus procesos, reducir costos energ\u00e9ticos y garantizar el [&hellip;]<\/p>\n","protected":false},"author":2,"featured_media":0,"parent":0,"menu_order":0,"comment_status":"closed","ping_status":"closed","template":"full-width","meta":{"_EventAllDay":false,"_EventTimezone":"","_EventStartDate":"","_EventEndDate":"","_EventStartDateUTC":"","_EventEndDateUTC":"","_EventShowMap":false,"_EventShowMapLink":false,"_EventURL":"","_EventCost":"","_EventCostDescription":"","_EventCurrencySymbol":"","_EventCurrencyCode":"","_EventCurrencyPosition":"","_EventDateTimeSeparator":"","_EventTimeRangeSeparator":"","_EventOrganizerID":[],"_EventVenueID":[],"_OrganizerEmail":"","_OrganizerPhone":"","_OrganizerWebsite":"","_VenueAddress":"","_VenueCity":"","_VenueCountry":"","_VenueProvince":"","_VenueState":"","_VenueZip":"","_VenuePhone":"","_VenueURL":"","_VenueStateProvince":"","_VenueLat":"","_VenueLng":"","_VenueShowMap":false,"_VenueShowMapLink":false,"footnotes":""},"class_list":["post-1536","page","type-page","status-publish","hentry"],"_links":{"self":[{"href":"https:\/\/compresoresindustrialessac.com\/index.php\/wp-json\/wp\/v2\/pages\/1536","targetHints":{"allow":["GET"]}}],"collection":[{"href":"https:\/\/compresoresindustrialessac.com\/index.php\/wp-json\/wp\/v2\/pages"}],"about":[{"href":"https:\/\/compresoresindustrialessac.com\/index.php\/wp-json\/wp\/v2\/types\/page"}],"author":[{"embeddable":true,"href":"https:\/\/compresoresindustrialessac.com\/index.php\/wp-json\/wp\/v2\/users\/2"}],"replies":[{"embeddable":true,"href":"https:\/\/compresoresindustrialessac.com\/index.php\/wp-json\/wp\/v2\/comments?post=1536"}],"version-history":[{"count":14,"href":"https:\/\/compresoresindustrialessac.com\/index.php\/wp-json\/wp\/v2\/pages\/1536\/revisions"}],"predecessor-version":[{"id":2214,"href":"https:\/\/compresoresindustrialessac.com\/index.php\/wp-json\/wp\/v2\/pages\/1536\/revisions\/2214"}],"wp:attachment":[{"href":"https:\/\/compresoresindustrialessac.com\/index.php\/wp-json\/wp\/v2\/media?parent=1536"}],"curies":[{"name":"wp","href":"https:\/\/api.w.org\/{rel}","templated":true}]}}