{"id":191,"date":"2025-02-05T20:32:41","date_gmt":"2025-02-06T01:32:41","guid":{"rendered":"http:\/\/localhost\/compresoresindustrialessac\/?page_id=191"},"modified":"2025-10-17T11:32:57","modified_gmt":"2025-10-17T16:32:57","slug":"productos","status":"publish","type":"page","link":"https:\/\/compresoresindustrialessac.com\/index.php\/productos\/","title":{"rendered":"Noticias"},"content":{"rendered":"\t\t<div data-elementor-type=\"wp-page\" data-elementor-id=\"191\" class=\"elementor elementor-191\">\n\t\t\t\t<div class=\"elementor-element elementor-element-4e80dfe e-flex e-con-boxed e-con e-parent\" data-id=\"4e80dfe\" data-element_type=\"container\">\n\t\t\t\t\t<div class=\"e-con-inner\">\n\t\t\t\t<div class=\"elementor-element elementor-element-3e7b8e2 elementor-widget elementor-widget-spacer\" data-id=\"3e7b8e2\" data-element_type=\"widget\" data-widget_type=\"spacer.default\">\n\t\t\t\t<div class=\"elementor-widget-container\">\n\t\t\t\t\t\t\t<div class=\"elementor-spacer\">\n\t\t\t<div class=\"elementor-spacer-inner\"><\/div>\n\t\t<\/div>\n\t\t\t\t\t\t<\/div>\n\t\t\t\t<\/div>\n\t\t\t\t\t<\/div>\n\t\t\t\t<\/div>\n\t\t<div class=\"elementor-element elementor-element-f09de45 e-con-full e-flex e-con e-parent\" data-id=\"f09de45\" data-element_type=\"container\" data-settings=\"{&quot;background_background&quot;:&quot;classic&quot;}\">\n\t\t<div class=\"elementor-element elementor-element-ace1894 e-flex e-con-boxed e-con e-child\" data-id=\"ace1894\" data-element_type=\"container\">\n\t\t\t\t\t<div class=\"e-con-inner\">\n\t\t<div class=\"elementor-element elementor-element-db2dd91 e-con-full e-flex e-con e-child\" data-id=\"db2dd91\" data-element_type=\"container\">\n\t\t\t\t<div class=\"elementor-element elementor-element-288bd4b elementor-widget elementor-widget-heading\" data-id=\"288bd4b\" data-element_type=\"widget\" data-widget_type=\"heading.default\">\n\t\t\t\t<div class=\"elementor-widget-container\">\n\t\t\t\t\t<h2 class=\"elementor-heading-title elementor-size-default\">Noticias y mas<\/h2>\t\t\t\t<\/div>\n\t\t\t\t<\/div>\n\t\t\t\t<\/div>\n\t\t\t\t\t<\/div>\n\t\t\t\t<\/div>\n\t\t\t\t<\/div>\n\t\t<div class=\"elementor-element elementor-element-67081f1 e-con-full e-flex e-con e-parent\" data-id=\"67081f1\" data-element_type=\"container\">\n\t\t<div class=\"elementor-element elementor-element-698bd07 e-con-full e-flex e-con e-child\" data-id=\"698bd07\" data-element_type=\"container\">\n\t\t<div class=\"elementor-element elementor-element-58f828f e-con-full e-flex e-con e-child\" data-id=\"58f828f\" data-element_type=\"container\">\n\t\t\t\t<div class=\"elementor-element elementor-element-52a14bd elementor-widget elementor-widget-heading\" data-id=\"52a14bd\" data-element_type=\"widget\" data-widget_type=\"heading.default\">\n\t\t\t\t<div class=\"elementor-widget-container\">\n\t\t\t\t\t<h2 class=\"elementor-heading-title elementor-size-default\">Informaci\u00f3n y mas<\/h2>\t\t\t\t<\/div>\n\t\t\t\t<\/div>\n\t\t\t\t<div class=\"elementor-element elementor-element-9bb5ab1 elementor-widget elementor-widget-text-editor\" data-id=\"9bb5ab1\" data-element_type=\"widget\" data-widget_type=\"text-editor.default\">\n\t\t\t\t<div class=\"elementor-widget-container\">\n\t\t\t\t\t\t\t\t\t<p>En Compresores Industriales S.A.C no se busca solo ofrecer un servicio y repuesto, si no, informar sobre estos temas de actualidad e importancia.<\/p>\t\t\t\t\t\t\t\t<\/div>\n\t\t\t\t<\/div>\n\t\t\t\t<div class=\"elementor-element elementor-element-58a591f elementor-widget__width-initial elementor-grid-eael-col-4 elementor-grid-tablet-eael-col-2 elementor-grid-mobile-eael-col-1 elementor-widget elementor-widget-eael-post-grid\" data-id=\"58a591f\" data-element_type=\"widget\" data-settings=\"{&quot;eael_post_grid_columns&quot;:&quot;eael-col-4&quot;,&quot;eael_post_grid_columns_tablet&quot;:&quot;eael-col-2&quot;,&quot;eael_post_grid_columns_mobile&quot;:&quot;eael-col-1&quot;}\" data-widget_type=\"eael-post-grid.default\">\n\t\t\t\t<div class=\"elementor-widget-container\">\n\t\t\t\t\t<div id=\"eael-post-grid-58a591f\" class=\"eael-post-grid-container\">\n            <div class=\"eael-post-grid eael-post-appender eael-post-appender-58a591f eael-post-grid-style-default\" data-layout-mode=\"masonry\"><article class=\"eael-grid-post eael-post-grid-column\" data-id=\"1650\">\n        <div class=\"eael-grid-post-holder\">\n            <div class=\"eael-grid-post-holder-inner\"><div class=\"eael-entry-wrapper\"><header class=\"eael-entry-header\"><h2 class=\"eael-entry-title\"><a\n                        class=\"eael-grid-post-link\"\n                        href=\"https:\/\/compresoresindustrialessac.com\/index.php\/2025\/09\/29\/cada-cuanto-tiempo-debo-cambiar-de-filtro\/\"\n                        title=\"\u00bfCada cu\u00e1nto tiempo se recomienda realizar el cambio del filtro de aire en un compresor?\">\u00bfCada cu\u00e1nto tiempo se recomienda realizar el cambio del filtro de aire en un compresor?<\/a><\/h2><\/header><\/div><div class=\"eael-entry-media\"><div class=\"eael-entry-overlay fade-in\"><i class=\"fas fa-long-arrow-alt-right\" aria-hidden=\"true\"><\/i><a href=\"https:\/\/compresoresindustrialessac.com\/index.php\/2025\/09\/29\/cada-cuanto-tiempo-debo-cambiar-de-filtro\/\"><\/a><\/div><div class=\"eael-entry-thumbnail \">\n                <img fetchpriority=\"high\" decoding=\"async\" width=\"225\" height=\"300\" src=\"https:\/\/compresoresindustrialessac.com\/wp-content\/uploads\/2025\/09\/IMG-20251009-WA0129-225x300.jpg\" class=\"attachment-medium size-medium wp-image-1869\" alt=\"\" srcset=\"https:\/\/compresoresindustrialessac.com\/wp-content\/uploads\/2025\/09\/IMG-20251009-WA0129-225x300.jpg 225w, https:\/\/compresoresindustrialessac.com\/wp-content\/uploads\/2025\/09\/IMG-20251009-WA0129-768x1024.jpg 768w, https:\/\/compresoresindustrialessac.com\/wp-content\/uploads\/2025\/09\/IMG-20251009-WA0129-1152x1536.jpg 1152w, https:\/\/compresoresindustrialessac.com\/wp-content\/uploads\/2025\/09\/IMG-20251009-WA0129.jpg 1200w\" sizes=\"(max-width: 225px) 100vw, 225px\" \/>\n            <\/div>\n        <\/div><\/div>\n        <\/div>\n    <\/article><article class=\"eael-grid-post eael-post-grid-column\" data-id=\"1645\">\n        <div class=\"eael-grid-post-holder\">\n            <div class=\"eael-grid-post-holder-inner\"><div class=\"eael-entry-wrapper\"><header class=\"eael-entry-header\"><h2 class=\"eael-entry-title\"><a\n                        class=\"eael-grid-post-link\"\n                        href=\"https:\/\/compresoresindustrialessac.com\/index.php\/2025\/09\/29\/cuales-son-las-unidades-de-presion\/\"\n                        title=\"\u00bfQu\u00e9 unidades de medida de presi\u00f3n se utilizan con mayor frecuencia en los sistemas de aire comprimido?\">\u00bfQu\u00e9 unidades de medida de presi\u00f3n se utilizan con mayor frecuencia en los sistemas de aire comprimido?<\/a><\/h2><\/header><\/div><div class=\"eael-entry-media\"><div class=\"eael-entry-overlay fade-in\"><i class=\"fas fa-long-arrow-alt-right\" aria-hidden=\"true\"><\/i><a href=\"https:\/\/compresoresindustrialessac.com\/index.php\/2025\/09\/29\/cuales-son-las-unidades-de-presion\/\"><\/a><\/div><div class=\"eael-entry-thumbnail \">\n                <img decoding=\"async\" width=\"225\" height=\"300\" src=\"https:\/\/compresoresindustrialessac.com\/wp-content\/uploads\/2025\/09\/IMG-20251009-WA0137-225x300.jpg\" class=\"attachment-medium size-medium wp-image-1855\" alt=\"\" srcset=\"https:\/\/compresoresindustrialessac.com\/wp-content\/uploads\/2025\/09\/IMG-20251009-WA0137-225x300.jpg 225w, https:\/\/compresoresindustrialessac.com\/wp-content\/uploads\/2025\/09\/IMG-20251009-WA0137-768x1024.jpg 768w, https:\/\/compresoresindustrialessac.com\/wp-content\/uploads\/2025\/09\/IMG-20251009-WA0137.jpg 960w\" sizes=\"(max-width: 225px) 100vw, 225px\" \/>\n            <\/div>\n        <\/div><\/div>\n        <\/div>\n    <\/article><article class=\"eael-grid-post eael-post-grid-column\" data-id=\"1630\">\n        <div class=\"eael-grid-post-holder\">\n            <div class=\"eael-grid-post-holder-inner\"><div class=\"eael-entry-wrapper\"><header class=\"eael-entry-header\"><h2 class=\"eael-entry-title\"><a\n                        class=\"eael-grid-post-link\"\n                        href=\"https:\/\/compresoresindustrialessac.com\/index.php\/2025\/09\/29\/que-es-un-filtro-de-aire\/\"\n                        title=\"\u00bfCu\u00e1l es el prop\u00f3sito principal del filtro de aire en un compresor y por qu\u00e9 es esencial para su funcionamiento?\">\u00bfCu\u00e1l es el prop\u00f3sito principal del filtro de aire en un compresor y por qu\u00e9 es esencial para su funcionamiento?<\/a><\/h2><\/header><\/div><div class=\"eael-entry-media\"><div class=\"eael-entry-overlay fade-in\"><i class=\"fas fa-long-arrow-alt-right\" aria-hidden=\"true\"><\/i><a href=\"https:\/\/compresoresindustrialessac.com\/index.php\/2025\/09\/29\/que-es-un-filtro-de-aire\/\"><\/a><\/div><div class=\"eael-entry-thumbnail \">\n                <img decoding=\"async\" width=\"225\" height=\"300\" src=\"https:\/\/compresoresindustrialessac.com\/wp-content\/uploads\/2025\/09\/IMG-20251009-WA0140-225x300.jpg\" class=\"attachment-medium size-medium wp-image-1858\" alt=\"\" srcset=\"https:\/\/compresoresindustrialessac.com\/wp-content\/uploads\/2025\/09\/IMG-20251009-WA0140-225x300.jpg 225w, https:\/\/compresoresindustrialessac.com\/wp-content\/uploads\/2025\/09\/IMG-20251009-WA0140-768x1024.jpg 768w, https:\/\/compresoresindustrialessac.com\/wp-content\/uploads\/2025\/09\/IMG-20251009-WA0140.jpg 960w\" sizes=\"(max-width: 225px) 100vw, 225px\" \/>\n            <\/div>\n        <\/div><\/div>\n        <\/div>\n    <\/article><article class=\"eael-grid-post eael-post-grid-column\" data-id=\"1467\">\n        <div class=\"eael-grid-post-holder\">\n            <div class=\"eael-grid-post-holder-inner\"><div class=\"eael-entry-wrapper\"><header class=\"eael-entry-header\"><h2 class=\"eael-entry-title\"><a\n                        class=\"eael-grid-post-link\"\n                        href=\"https:\/\/compresoresindustrialessac.com\/index.php\/2025\/09\/27\/compresores\/\"\n                        title=\"\u00bfQu\u00e9 elementos caracterizan a un compresor industrial y en qu\u00e9 tipos de aplicaciones se emplea com\u00fanmente?\">\u00bfQu\u00e9 elementos caracterizan a un compresor industrial y en qu\u00e9 tipos de aplicaciones se emplea com\u00fanmente?<\/a><\/h2><\/header><\/div><div class=\"eael-entry-media\"><div class=\"eael-entry-overlay fade-in\"><i class=\"fas fa-long-arrow-alt-right\" aria-hidden=\"true\"><\/i><a href=\"https:\/\/compresoresindustrialessac.com\/index.php\/2025\/09\/27\/compresores\/\"><\/a><\/div><div class=\"eael-entry-thumbnail \">\n                <img loading=\"lazy\" decoding=\"async\" width=\"225\" height=\"300\" src=\"https:\/\/compresoresindustrialessac.com\/wp-content\/uploads\/2025\/09\/IMG-20251009-WA0134-225x300.jpg\" class=\"attachment-medium size-medium wp-image-1862\" alt=\"\" srcset=\"https:\/\/compresoresindustrialessac.com\/wp-content\/uploads\/2025\/09\/IMG-20251009-WA0134-225x300.jpg 225w, https:\/\/compresoresindustrialessac.com\/wp-content\/uploads\/2025\/09\/IMG-20251009-WA0134-768x1024.jpg 768w, https:\/\/compresoresindustrialessac.com\/wp-content\/uploads\/2025\/09\/IMG-20251009-WA0134.jpg 960w\" sizes=\"(max-width: 225px) 100vw, 225px\" \/>\n            <\/div>\n        <\/div><\/div>\n        <\/div>\n    <\/article><\/div>\n            <div class=\"clearfix\"><\/div>\n        <\/div>\t\t\t\t<\/div>\n\t\t\t\t<\/div>\n\t\t\t\t<\/div>\n\t\t<div class=\"elementor-element elementor-element-afc8793 e-con-full e-flex e-con e-child\" data-id=\"afc8793\" data-element_type=\"container\" data-settings=\"{&quot;background_background&quot;:&quot;classic&quot;}\">\n\t\t\t\t<\/div>\n\t\t\t\t<\/div>\n\t\t\t\t<\/div>\n\t\t\t\t<\/div>\n\t\t","protected":false},"excerpt":{"rendered":"<p>Noticias y mas Informaci\u00f3n y mas En Compresores Industriales S.A.C no se busca solo ofrecer un servicio y repuesto, si no, informar sobre estos temas de actualidad e importancia. \u00bfCada [&hellip;]<\/p>\n","protected":false},"author":2,"featured_media":0,"parent":0,"menu_order":0,"comment_status":"closed","ping_status":"closed","template":"full-width","meta":{"_EventAllDay":false,"_EventTimezone":"","_EventStartDate":"","_EventEndDate":"","_EventStartDateUTC":"","_EventEndDateUTC":"","_EventShowMap":false,"_EventShowMapLink":false,"_EventURL":"","_EventCost":"","_EventCostDescription":"","_EventCurrencySymbol":"","_EventCurrencyCode":"","_EventCurrencyPosition":"","_EventDateTimeSeparator":"","_EventTimeRangeSeparator":"","_EventOrganizerID":[],"_EventVenueID":[],"_OrganizerEmail":"","_OrganizerPhone":"","_OrganizerWebsite":"","_VenueAddress":"","_VenueCity":"","_VenueCountry":"","_VenueProvince":"","_VenueState":"","_VenueZip":"","_VenuePhone":"","_VenueURL":"","_VenueStateProvince":"","_VenueLat":"","_VenueLng":"","_VenueShowMap":false,"_VenueShowMapLink":false,"footnotes":""},"class_list":["post-191","page","type-page","status-publish","hentry"],"_links":{"self":[{"href":"https:\/\/compresoresindustrialessac.com\/index.php\/wp-json\/wp\/v2\/pages\/191","targetHints":{"allow":["GET"]}}],"collection":[{"href":"https:\/\/compresoresindustrialessac.com\/index.php\/wp-json\/wp\/v2\/pages"}],"about":[{"href":"https:\/\/compresoresindustrialessac.com\/index.php\/wp-json\/wp\/v2\/types\/page"}],"author":[{"embeddable":true,"href":"https:\/\/compresoresindustrialessac.com\/index.php\/wp-json\/wp\/v2\/users\/2"}],"replies":[{"embeddable":true,"href":"https:\/\/compresoresindustrialessac.com\/index.php\/wp-json\/wp\/v2\/comments?post=191"}],"version-history":[{"count":118,"href":"https:\/\/compresoresindustrialessac.com\/index.php\/wp-json\/wp\/v2\/pages\/191\/revisions"}],"predecessor-version":[{"id":2690,"href":"https:\/\/compresoresindustrialessac.com\/index.php\/wp-json\/wp\/v2\/pages\/191\/revisions\/2690"}],"wp:attachment":[{"href":"https:\/\/compresoresindustrialessac.com\/index.php\/wp-json\/wp\/v2\/media?parent=191"}],"curies":[{"name":"wp","href":"https:\/\/api.w.org\/{rel}","templated":true}]}}