{"id":1910,"date":"2025-10-10T00:32:27","date_gmt":"2025-10-10T05:32:27","guid":{"rendered":"https:\/\/compresoresindustrialessac.com\/?page_id=1910"},"modified":"2025-10-10T17:00:04","modified_gmt":"2025-10-10T22:00:04","slug":"filtro-de-aceite-2","status":"publish","type":"page","link":"https:\/\/compresoresindustrialessac.com\/index.php\/filtro-de-aceite-2\/","title":{"rendered":"Kit de v\u00e1lvulas"},"content":{"rendered":"\t\t<div data-elementor-type=\"wp-page\" data-elementor-id=\"1910\" class=\"elementor elementor-1910\">\n\t\t\t\t<div class=\"elementor-element elementor-element-4e80dfe e-flex e-con-boxed e-con e-parent\" data-id=\"4e80dfe\" data-element_type=\"container\">\n\t\t\t\t\t<div class=\"e-con-inner\">\n\t\t\t\t<div class=\"elementor-element elementor-element-3e7b8e2 elementor-widget elementor-widget-spacer\" data-id=\"3e7b8e2\" data-element_type=\"widget\" data-widget_type=\"spacer.default\">\n\t\t\t\t<div class=\"elementor-widget-container\">\n\t\t\t\t\t\t\t<div class=\"elementor-spacer\">\n\t\t\t<div class=\"elementor-spacer-inner\"><\/div>\n\t\t<\/div>\n\t\t\t\t\t\t<\/div>\n\t\t\t\t<\/div>\n\t\t\t\t\t<\/div>\n\t\t\t\t<\/div>\n\t\t<div class=\"elementor-element elementor-element-f09de45 e-con-full e-flex e-con e-parent\" data-id=\"f09de45\" data-element_type=\"container\" data-settings=\"{&quot;background_background&quot;:&quot;classic&quot;}\">\n\t\t<div class=\"elementor-element elementor-element-ace1894 e-flex e-con-boxed e-con e-child\" data-id=\"ace1894\" data-element_type=\"container\">\n\t\t\t\t\t<div class=\"e-con-inner\">\n\t\t<div class=\"elementor-element elementor-element-db2dd91 e-con-full e-flex e-con e-child\" data-id=\"db2dd91\" data-element_type=\"container\">\n\t\t\t\t<div class=\"elementor-element elementor-element-288bd4b elementor-widget elementor-widget-heading\" data-id=\"288bd4b\" data-element_type=\"widget\" data-widget_type=\"heading.default\">\n\t\t\t\t<div class=\"elementor-widget-container\">\n\t\t\t\t\t<h2 class=\"elementor-heading-title elementor-size-default\">ART\u00cdCULOS, REPUESTOS Y SERVICIOS.<\/h2>\t\t\t\t<\/div>\n\t\t\t\t<\/div>\n\t\t\t\t<\/div>\n\t\t\t\t\t<\/div>\n\t\t\t\t<\/div>\n\t\t\t\t<\/div>\n\t\t<div class=\"elementor-element elementor-element-67081f1 e-con-full e-flex e-con e-parent\" data-id=\"67081f1\" data-element_type=\"container\">\n\t\t<div class=\"elementor-element elementor-element-c7638c7 e-con-full e-flex e-con e-child\" data-id=\"c7638c7\" data-element_type=\"container\">\n\t\t<div class=\"elementor-element elementor-element-6c6be23 e-con-full e-flex e-con e-child\" data-id=\"6c6be23\" data-element_type=\"container\" data-settings=\"{&quot;background_background&quot;:&quot;classic&quot;}\">\n\t\t\t\t<\/div>\n\t\t<div class=\"elementor-element elementor-element-37ab885 e-con-full e-flex e-con e-child\" data-id=\"37ab885\" data-element_type=\"container\">\n\t\t\t\t<div class=\"elementor-element elementor-element-0c541b9 elementor-widget elementor-widget-heading\" data-id=\"0c541b9\" data-element_type=\"widget\" data-widget_type=\"heading.default\">\n\t\t\t\t<div class=\"elementor-widget-container\">\n\t\t\t\t\t<h2 class=\"elementor-heading-title elementor-size-default\">Nuestros Kits de valv\u00falas.<\/h2>\t\t\t\t<\/div>\n\t\t\t\t<\/div>\n\t\t<div class=\"elementor-element elementor-element-c366ecb e-con-full e-flex e-con e-child\" data-id=\"c366ecb\" data-element_type=\"container\" data-settings=\"{&quot;background_background&quot;:&quot;classic&quot;}\">\n\t\t\t\t<div class=\"elementor-element elementor-element-373ba01 elementor-widget elementor-widget-text-editor\" data-id=\"373ba01\" data-element_type=\"widget\" data-widget_type=\"text-editor.default\">\n\t\t\t\t<div class=\"elementor-widget-container\">\n\t\t\t\t\t\t\t\t\t<p>Un <strong data-start=\"3\" data-end=\"22\">kit de v\u00e1lvulas<\/strong> es un conjunto de repuestos dise\u00f1ado para la reparaci\u00f3n o mantenimiento de compresores de aire, que incluye v\u00e1lvulas de admisi\u00f3n y descarga junto con sellos, resortes y empaques necesarios. Su funci\u00f3n principal es asegurar el correcto flujo de aire dentro del compresor, optimizando el rendimiento, evitando fugas y alargando la vida \u00fatil del equipo. <br \/><br \/>Disfruta de nuestras ofertas con env\u00edo r\u00e1pido a Lima y provincias, adem\u00e1s de asesor\u00eda t\u00e9cnica y opciones de instalaci\u00f3n y mantenimiento especializado. Paga de forma segura con tu tarjeta de cr\u00e9dito favorita.<\/p>\t\t\t\t\t\t\t\t<\/div>\n\t\t\t\t<\/div>\n\t\t\t\t<\/div>\n\t\t<div class=\"elementor-element elementor-element-8e224d6 e-con-full e-flex e-con e-child\" data-id=\"8e224d6\" data-element_type=\"container\">\n\t\t\t\t<div class=\"elementor-element elementor-element-44609af elementor-grid-eael-col-5 elementor-grid-tablet-eael-col-2 elementor-grid-mobile-eael-col-1 elementor-widget elementor-widget-eael-post-grid\" data-id=\"44609af\" data-element_type=\"widget\" data-settings=\"{&quot;eael_post_grid_columns&quot;:&quot;eael-col-5&quot;,&quot;eael_post_grid_columns_tablet&quot;:&quot;eael-col-2&quot;,&quot;eael_post_grid_columns_mobile&quot;:&quot;eael-col-1&quot;}\" data-widget_type=\"eael-post-grid.default\">\n\t\t\t\t<div class=\"elementor-widget-container\">\n\t\t\t\t\t<div id=\"eael-post-grid-44609af\" class=\"eael-post-grid-container\">\n            <div class=\"eael-post-grid eael-post-appender eael-post-appender-44609af eael-post-grid-style-default\" data-layout-mode=\"masonry\"><p class=\"no-posts-found\">No posts found!<\/p><\/div>\n            <div class=\"clearfix\"><\/div>\n        <\/div>\t\t\t\t<\/div>\n\t\t\t\t<\/div>\n\t\t\t\t<\/div>\n\t\t\t\t<\/div>\n\t\t\t\t<\/div>\n\t\t\t\t<\/div>\n\t\t<div class=\"elementor-element elementor-element-51e87dd e-con-full e-flex e-con e-parent\" data-id=\"51e87dd\" data-element_type=\"container\">\n\t\t<div class=\"elementor-element elementor-element-d53e8dc e-con-full e-flex e-con e-child\" data-id=\"d53e8dc\" data-element_type=\"container\">\n\t\t\t\t<div class=\"elementor-element elementor-element-57f9343 elementor-widget-divider--view-line elementor-widget elementor-widget-divider\" data-id=\"57f9343\" data-element_type=\"widget\" data-widget_type=\"divider.default\">\n\t\t\t\t<div class=\"elementor-widget-container\">\n\t\t\t\t\t\t\t<div class=\"elementor-divider\">\n\t\t\t<span class=\"elementor-divider-separator\">\n\t\t\t\t\t\t<\/span>\n\t\t<\/div>\n\t\t\t\t\t\t<\/div>\n\t\t\t\t<\/div>\n\t\t\t\t<div class=\"elementor-element elementor-element-ff9cb89 elementor-widget elementor-widget-heading\" data-id=\"ff9cb89\" data-element_type=\"widget\" data-widget_type=\"heading.default\">\n\t\t\t\t<div class=\"elementor-widget-container\">\n\t\t\t\t\t<h2 class=\"elementor-heading-title elementor-size-default\">Trabajan con nosotros<\/h2>\t\t\t\t<\/div>\n\t\t\t\t<\/div>\n\t\t<div class=\"elementor-element elementor-element-7f6c7ca e-grid e-con-boxed e-con e-child\" data-id=\"7f6c7ca\" data-element_type=\"container\">\n\t\t\t\t\t<div class=\"e-con-inner\">\n\t\t\t\t<div class=\"elementor-element elementor-element-5bd147b elementor-widget elementor-widget-image\" data-id=\"5bd147b\" data-element_type=\"widget\" data-widget_type=\"image.default\">\n\t\t\t\t<div class=\"elementor-widget-container\">\n\t\t\t\t\t\t\t\t\t\t\t\t\t\t\t<img fetchpriority=\"high\" decoding=\"async\" width=\"300\" height=\"229\" src=\"https:\/\/compresoresindustrialessac.com\/wp-content\/uploads\/2025\/10\/tecnopress-sac-2033273CA76F8A72131907thumbnail-300x229.jpeg\" class=\"attachment-medium size-medium wp-image-1764\" alt=\"\" srcset=\"https:\/\/compresoresindustrialessac.com\/wp-content\/uploads\/2025\/10\/tecnopress-sac-2033273CA76F8A72131907thumbnail-300x229.jpeg 300w, https:\/\/compresoresindustrialessac.com\/wp-content\/uploads\/2025\/10\/tecnopress-sac-2033273CA76F8A72131907thumbnail.jpeg 637w\" sizes=\"(max-width: 300px) 100vw, 300px\" \/>\t\t\t\t\t\t\t\t\t\t\t\t\t\t\t<\/div>\n\t\t\t\t<\/div>\n\t\t\t\t<div class=\"elementor-element elementor-element-ff638bb elementor-widget elementor-widget-image\" data-id=\"ff638bb\" data-element_type=\"widget\" data-widget_type=\"image.default\">\n\t\t\t\t<div class=\"elementor-widget-container\">\n\t\t\t\t\t\t\t\t\t\t\t\t\t\t\t<img decoding=\"async\" width=\"300\" height=\"300\" src=\"https:\/\/compresoresindustrialessac.com\/wp-content\/uploads\/2025\/10\/unnamed-300x300.jpg\" class=\"attachment-medium size-medium wp-image-1763\" alt=\"\" srcset=\"https:\/\/compresoresindustrialessac.com\/wp-content\/uploads\/2025\/10\/unnamed-300x300.jpg 300w, https:\/\/compresoresindustrialessac.com\/wp-content\/uploads\/2025\/10\/unnamed-150x150.jpg 150w, https:\/\/compresoresindustrialessac.com\/wp-content\/uploads\/2025\/10\/unnamed-768x768.jpg 768w, https:\/\/compresoresindustrialessac.com\/wp-content\/uploads\/2025\/10\/unnamed.jpg 900w\" sizes=\"(max-width: 300px) 100vw, 300px\" \/>\t\t\t\t\t\t\t\t\t\t\t\t\t\t\t<\/div>\n\t\t\t\t<\/div>\n\t\t\t\t<div class=\"elementor-element elementor-element-410257c elementor-widget elementor-widget-image\" data-id=\"410257c\" data-element_type=\"widget\" data-widget_type=\"image.default\">\n\t\t\t\t<div class=\"elementor-widget-container\">\n\t\t\t\t\t\t\t\t\t\t\t\t\t\t\t<img decoding=\"async\" width=\"200\" height=\"200\" src=\"https:\/\/compresoresindustrialessac.com\/wp-content\/uploads\/2025\/10\/alicisac_logo.jpeg\" class=\"attachment-medium size-medium wp-image-1761\" alt=\"\" srcset=\"https:\/\/compresoresindustrialessac.com\/wp-content\/uploads\/2025\/10\/alicisac_logo.jpeg 200w, https:\/\/compresoresindustrialessac.com\/wp-content\/uploads\/2025\/10\/alicisac_logo-150x150.jpeg 150w\" sizes=\"(max-width: 200px) 100vw, 200px\" \/>\t\t\t\t\t\t\t\t\t\t\t\t\t\t\t<\/div>\n\t\t\t\t<\/div>\n\t\t\t\t<div class=\"elementor-element elementor-element-4041f5f elementor-widget elementor-widget-image\" data-id=\"4041f5f\" data-element_type=\"widget\" data-widget_type=\"image.default\">\n\t\t\t\t<div class=\"elementor-widget-container\">\n\t\t\t\t\t\t\t\t\t\t\t\t\t\t\t<img loading=\"lazy\" decoding=\"async\" width=\"225\" height=\"225\" src=\"https:\/\/compresoresindustrialessac.com\/wp-content\/uploads\/2025\/10\/images-1-1.png\" class=\"attachment-medium size-medium wp-image-1721\" alt=\"\" srcset=\"https:\/\/compresoresindustrialessac.com\/wp-content\/uploads\/2025\/10\/images-1-1.png 225w, https:\/\/compresoresindustrialessac.com\/wp-content\/uploads\/2025\/10\/images-1-1-150x150.png 150w\" sizes=\"(max-width: 225px) 100vw, 225px\" \/>\t\t\t\t\t\t\t\t\t\t\t\t\t\t\t<\/div>\n\t\t\t\t<\/div>\n\t\t\t\t<div class=\"elementor-element elementor-element-47f5428 elementor-widget elementor-widget-image\" data-id=\"47f5428\" data-element_type=\"widget\" data-widget_type=\"image.default\">\n\t\t\t\t<div class=\"elementor-widget-container\">\n\t\t\t\t\t\t\t\t\t\t\t\t\t\t\t<img loading=\"lazy\" decoding=\"async\" width=\"200\" height=\"200\" src=\"https:\/\/compresoresindustrialessac.com\/wp-content\/uploads\/2025\/10\/J7yfKs6xIeORbYfb0kxgitxePmP1605468910083_200x200.png\" class=\"attachment-medium size-medium wp-image-1844\" alt=\"\" srcset=\"https:\/\/compresoresindustrialessac.com\/wp-content\/uploads\/2025\/10\/J7yfKs6xIeORbYfb0kxgitxePmP1605468910083_200x200.png 200w, https:\/\/compresoresindustrialessac.com\/wp-content\/uploads\/2025\/10\/J7yfKs6xIeORbYfb0kxgitxePmP1605468910083_200x200-150x150.png 150w\" sizes=\"(max-width: 200px) 100vw, 200px\" \/>\t\t\t\t\t\t\t\t\t\t\t\t\t\t\t<\/div>\n\t\t\t\t<\/div>\n\t\t\t\t<div class=\"elementor-element elementor-element-76ab24e elementor-widget elementor-widget-image\" data-id=\"76ab24e\" data-element_type=\"widget\" data-widget_type=\"image.default\">\n\t\t\t\t<div class=\"elementor-widget-container\">\n\t\t\t\t\t\t\t\t\t\t\t\t\t\t\t<img loading=\"lazy\" decoding=\"async\" width=\"225\" height=\"225\" src=\"https:\/\/compresoresindustrialessac.com\/wp-content\/uploads\/2025\/10\/images.jpeg\" class=\"attachment-medium size-medium wp-image-1845\" alt=\"\" srcset=\"https:\/\/compresoresindustrialessac.com\/wp-content\/uploads\/2025\/10\/images.jpeg 225w, https:\/\/compresoresindustrialessac.com\/wp-content\/uploads\/2025\/10\/images-150x150.jpeg 150w\" sizes=\"(max-width: 225px) 100vw, 225px\" \/>\t\t\t\t\t\t\t\t\t\t\t\t\t\t\t<\/div>\n\t\t\t\t<\/div>\n\t\t\t\t<div class=\"elementor-element elementor-element-651fcf8 elementor-widget elementor-widget-image\" data-id=\"651fcf8\" data-element_type=\"widget\" data-widget_type=\"image.default\">\n\t\t\t\t<div class=\"elementor-widget-container\">\n\t\t\t\t\t\t\t\t\t\t\t\t\t\t\t<img loading=\"lazy\" decoding=\"async\" width=\"225\" height=\"225\" src=\"https:\/\/compresoresindustrialessac.com\/wp-content\/uploads\/2025\/10\/images-2.png\" class=\"attachment-large size-large wp-image-2014\" alt=\"\" srcset=\"https:\/\/compresoresindustrialessac.com\/wp-content\/uploads\/2025\/10\/images-2.png 225w, https:\/\/compresoresindustrialessac.com\/wp-content\/uploads\/2025\/10\/images-2-150x150.png 150w\" sizes=\"(max-width: 225px) 100vw, 225px\" \/>\t\t\t\t\t\t\t\t\t\t\t\t\t\t\t<\/div>\n\t\t\t\t<\/div>\n\t\t\t\t<div class=\"elementor-element elementor-element-68e300c elementor-widget elementor-widget-image\" data-id=\"68e300c\" data-element_type=\"widget\" data-widget_type=\"image.default\">\n\t\t\t\t<div class=\"elementor-widget-container\">\n\t\t\t\t\t\t\t\t\t\t\t\t\t\t\t<img loading=\"lazy\" decoding=\"async\" width=\"225\" height=\"225\" src=\"https:\/\/compresoresindustrialessac.com\/wp-content\/uploads\/2025\/10\/images-1-2.png\" class=\"attachment-large size-large wp-image-2015\" alt=\"\" srcset=\"https:\/\/compresoresindustrialessac.com\/wp-content\/uploads\/2025\/10\/images-1-2.png 225w, https:\/\/compresoresindustrialessac.com\/wp-content\/uploads\/2025\/10\/images-1-2-150x150.png 150w\" sizes=\"(max-width: 225px) 100vw, 225px\" \/>\t\t\t\t\t\t\t\t\t\t\t\t\t\t\t<\/div>\n\t\t\t\t<\/div>\n\t\t\t\t\t<\/div>\n\t\t\t\t<\/div>\n\t\t\t\t<\/div>\n\t\t\t\t<\/div>\n\t\t\t\t<\/div>\n\t\t","protected":false},"excerpt":{"rendered":"<p>ART\u00cdCULOS, REPUESTOS Y SERVICIOS. Nuestros Kits de valv\u00falas. Un kit de v\u00e1lvulas es un conjunto de repuestos dise\u00f1ado para la reparaci\u00f3n o mantenimiento de compresores de aire, que incluye v\u00e1lvulas [&hellip;]<\/p>\n","protected":false},"author":2,"featured_media":0,"parent":0,"menu_order":0,"comment_status":"closed","ping_status":"closed","template":"full-width","meta":{"_EventAllDay":false,"_EventTimezone":"","_EventStartDate":"","_EventEndDate":"","_EventStartDateUTC":"","_EventEndDateUTC":"","_EventShowMap":false,"_EventShowMapLink":false,"_EventURL":"","_EventCost":"","_EventCostDescription":"","_EventCurrencySymbol":"","_EventCurrencyCode":"","_EventCurrencyPosition":"","_EventDateTimeSeparator":"","_EventTimeRangeSeparator":"","_EventOrganizerID":[],"_EventVenueID":[],"_OrganizerEmail":"","_OrganizerPhone":"","_OrganizerWebsite":"","_VenueAddress":"","_VenueCity":"","_VenueCountry":"","_VenueProvince":"","_VenueState":"","_VenueZip":"","_VenuePhone":"","_VenueURL":"","_VenueStateProvince":"","_VenueLat":"","_VenueLng":"","_VenueShowMap":false,"_VenueShowMapLink":false,"footnotes":""},"class_list":["post-1910","page","type-page","status-publish","hentry"],"_links":{"self":[{"href":"https:\/\/compresoresindustrialessac.com\/index.php\/wp-json\/wp\/v2\/pages\/1910","targetHints":{"allow":["GET"]}}],"collection":[{"href":"https:\/\/compresoresindustrialessac.com\/index.php\/wp-json\/wp\/v2\/pages"}],"about":[{"href":"https:\/\/compresoresindustrialessac.com\/index.php\/wp-json\/wp\/v2\/types\/page"}],"author":[{"embeddable":true,"href":"https:\/\/compresoresindustrialessac.com\/index.php\/wp-json\/wp\/v2\/users\/2"}],"replies":[{"embeddable":true,"href":"https:\/\/compresoresindustrialessac.com\/index.php\/wp-json\/wp\/v2\/comments?post=1910"}],"version-history":[{"count":21,"href":"https:\/\/compresoresindustrialessac.com\/index.php\/wp-json\/wp\/v2\/pages\/1910\/revisions"}],"predecessor-version":[{"id":2190,"href":"https:\/\/compresoresindustrialessac.com\/index.php\/wp-json\/wp\/v2\/pages\/1910\/revisions\/2190"}],"wp:attachment":[{"href":"https:\/\/compresoresindustrialessac.com\/index.php\/wp-json\/wp\/v2\/media?parent=1910"}],"curies":[{"name":"wp","href":"https:\/\/api.w.org\/{rel}","templated":true}]}}