{"id":1952,"date":"2025-10-10T09:21:22","date_gmt":"2025-10-10T14:21:22","guid":{"rendered":"https:\/\/compresoresindustrialessac.com\/?page_id=1952"},"modified":"2025-10-10T16:54:28","modified_gmt":"2025-10-10T21:54:28","slug":"filtro-de-aceite","status":"publish","type":"page","link":"https:\/\/compresoresindustrialessac.com\/index.php\/filtro-de-aceite\/","title":{"rendered":"FILTRO DE ACEITE"},"content":{"rendered":"\t\t<div data-elementor-type=\"wp-page\" data-elementor-id=\"1952\" class=\"elementor elementor-1952\">\n\t\t\t\t<div class=\"elementor-element elementor-element-4e80dfe e-flex e-con-boxed e-con e-parent\" data-id=\"4e80dfe\" data-element_type=\"container\">\n\t\t\t\t\t<div class=\"e-con-inner\">\n\t\t\t\t<div class=\"elementor-element elementor-element-3e7b8e2 elementor-widget elementor-widget-spacer\" data-id=\"3e7b8e2\" data-element_type=\"widget\" data-widget_type=\"spacer.default\">\n\t\t\t\t<div class=\"elementor-widget-container\">\n\t\t\t\t\t\t\t<div class=\"elementor-spacer\">\n\t\t\t<div class=\"elementor-spacer-inner\"><\/div>\n\t\t<\/div>\n\t\t\t\t\t\t<\/div>\n\t\t\t\t<\/div>\n\t\t\t\t\t<\/div>\n\t\t\t\t<\/div>\n\t\t<div class=\"elementor-element elementor-element-f09de45 e-con-full e-flex e-con e-parent\" data-id=\"f09de45\" data-element_type=\"container\" data-settings=\"{&quot;background_background&quot;:&quot;classic&quot;}\">\n\t\t<div class=\"elementor-element elementor-element-ace1894 e-flex e-con-boxed e-con e-child\" data-id=\"ace1894\" data-element_type=\"container\">\n\t\t\t\t\t<div class=\"e-con-inner\">\n\t\t<div class=\"elementor-element elementor-element-db2dd91 e-con-full e-flex e-con e-child\" data-id=\"db2dd91\" data-element_type=\"container\">\n\t\t\t\t<div class=\"elementor-element elementor-element-288bd4b elementor-widget elementor-widget-heading\" data-id=\"288bd4b\" data-element_type=\"widget\" data-widget_type=\"heading.default\">\n\t\t\t\t<div class=\"elementor-widget-container\">\n\t\t\t\t\t<h2 class=\"elementor-heading-title elementor-size-default\">ART\u00cdCULOS, REPUESTOS Y SERVICIOS.<\/h2>\t\t\t\t<\/div>\n\t\t\t\t<\/div>\n\t\t\t\t<\/div>\n\t\t\t\t\t<\/div>\n\t\t\t\t<\/div>\n\t\t\t\t<\/div>\n\t\t<div class=\"elementor-element elementor-element-67081f1 e-con-full e-flex e-con e-parent\" data-id=\"67081f1\" data-element_type=\"container\">\n\t\t<div class=\"elementor-element elementor-element-c7638c7 e-con-full e-flex e-con e-child\" data-id=\"c7638c7\" data-element_type=\"container\">\n\t\t<div class=\"elementor-element elementor-element-6c6be23 e-con-full e-flex e-con e-child\" data-id=\"6c6be23\" data-element_type=\"container\" data-settings=\"{&quot;background_background&quot;:&quot;classic&quot;}\">\n\t\t\t\t<\/div>\n\t\t<div class=\"elementor-element elementor-element-37ab885 e-con-full e-flex e-con e-child\" data-id=\"37ab885\" data-element_type=\"container\">\n\t\t\t\t<div class=\"elementor-element elementor-element-0c541b9 elementor-widget elementor-widget-heading\" data-id=\"0c541b9\" data-element_type=\"widget\" data-widget_type=\"heading.default\">\n\t\t\t\t<div class=\"elementor-widget-container\">\n\t\t\t\t\t<h2 class=\"elementor-heading-title elementor-size-default\">Nuestros Filtros de Aceite.<\/h2>\t\t\t\t<\/div>\n\t\t\t\t<\/div>\n\t\t<div class=\"elementor-element elementor-element-c366ecb e-con-full e-flex e-con e-child\" data-id=\"c366ecb\" data-element_type=\"container\" data-settings=\"{&quot;background_background&quot;:&quot;classic&quot;}\">\n\t\t\t\t<div class=\"elementor-element elementor-element-373ba01 elementor-widget elementor-widget-text-editor\" data-id=\"373ba01\" data-element_type=\"widget\" data-widget_type=\"text-editor.default\">\n\t\t\t\t<div class=\"elementor-widget-container\">\n\t\t\t\t\t\t\t\t\t<p>Encuentra la mejor selecci\u00f3n de filtros de aceite para tu compresor. Contamos con repuestos originales y alternativos para las principales marcas del mercado, garantizando una filtraci\u00f3n eficiente y el cuidado \u00f3ptimo de tu equipo. Desde filtros est\u00e1ndar hasta de alto rendimiento, tenemos la soluci\u00f3n ideal para prolongar la vida \u00fatil de tu compresor y asegurar su m\u00e1ximo desempe\u00f1o.<br data-start=\"534\" data-end=\"537\" \/>Disfruta de nuestras ofertas con env\u00edo r\u00e1pido a Lima y provincias, adem\u00e1s de asesor\u00eda t\u00e9cnica y opciones de instalaci\u00f3n y mantenimiento especializado. Paga de forma segura con tu tarjeta de cr\u00e9dito favorita.<\/p>\t\t\t\t\t\t\t\t<\/div>\n\t\t\t\t<\/div>\n\t\t\t\t<\/div>\n\t\t<div class=\"elementor-element elementor-element-8e224d6 e-con-full e-flex e-con e-child\" data-id=\"8e224d6\" data-element_type=\"container\">\n\t\t\t\t<div class=\"elementor-element elementor-element-44609af elementor-grid-eael-col-4 elementor-grid-tablet-eael-col-2 elementor-grid-mobile-eael-col-1 elementor-widget elementor-widget-eael-post-grid\" data-id=\"44609af\" data-element_type=\"widget\" data-settings=\"{&quot;eael_post_grid_columns&quot;:&quot;eael-col-4&quot;,&quot;eael_post_grid_columns_tablet&quot;:&quot;eael-col-2&quot;,&quot;eael_post_grid_columns_mobile&quot;:&quot;eael-col-1&quot;}\" data-widget_type=\"eael-post-grid.default\">\n\t\t\t\t<div class=\"elementor-widget-container\">\n\t\t\t\t\t<div id=\"eael-post-grid-44609af\" class=\"eael-post-grid-container\">\n            <div class=\"eael-post-grid eael-post-appender eael-post-appender-44609af eael-post-grid-style-two\" data-layout-mode=\"masonry\"><article class=\"eael-grid-post eael-post-grid-column\" data-id=\"2616\">\n    <div class=\"eael-grid-post-holder\">\n        <div class=\"eael-grid-post-holder-inner\"><div class=\"eael-entry-media\"><div class=\"eael-entry-overlay fade-in\"><i class=\"fas fa-long-arrow-alt-right\" aria-hidden=\"true\"><\/i><a href=\"https:\/\/compresoresindustrialessac.com\/index.php\/2025\/10\/16\/250025-525-filtro-de-aceite-st18-22-sullair\/\"target=\"_blank\"><\/a><\/div><div class=\"eael-entry-thumbnail \">\n                            <img fetchpriority=\"high\" decoding=\"async\" width=\"300\" height=\"300\" src=\"https:\/\/compresoresindustrialessac.com\/wp-content\/uploads\/2025\/10\/SULLAIR-250025-525-2-300x300.jpg\" class=\"attachment-medium size-medium wp-image-2618\" alt=\"\" srcset=\"https:\/\/compresoresindustrialessac.com\/wp-content\/uploads\/2025\/10\/SULLAIR-250025-525-2-300x300.jpg 300w, https:\/\/compresoresindustrialessac.com\/wp-content\/uploads\/2025\/10\/SULLAIR-250025-525-2-150x150.jpg 150w, https:\/\/compresoresindustrialessac.com\/wp-content\/uploads\/2025\/10\/SULLAIR-250025-525-2-768x768.jpg 768w, https:\/\/compresoresindustrialessac.com\/wp-content\/uploads\/2025\/10\/SULLAIR-250025-525-2.jpg 1004w\" sizes=\"(max-width: 300px) 100vw, 300px\" \/>\n                            <\/div>\n                    <\/div><div class=\"eael-entry-wrapper\"><header class=\"eael-entry-header\"><h2 class=\"eael-entry-title\"><a class=\"eael-grid-post-link\" href=\"https:\/\/compresoresindustrialessac.com\/index.php\/2025\/10\/16\/250025-525-filtro-de-aceite-st18-22-sullair\/\" title=\"250025-525 \u2014 Filtro de aceite ST18-22 \u2014 Sullair\">250025-525 \u2014 Filtro de aceite ST18-22 \u2014 Sullair<\/a><\/h2><\/header><\/div><\/div>\n    <\/div>\n<\/article><article class=\"eael-grid-post eael-post-grid-column\" data-id=\"2607\">\n    <div class=\"eael-grid-post-holder\">\n        <div class=\"eael-grid-post-holder-inner\"><div class=\"eael-entry-media\"><div class=\"eael-entry-overlay fade-in\"><i class=\"fas fa-long-arrow-alt-right\" aria-hidden=\"true\"><\/i><a href=\"https:\/\/compresoresindustrialessac.com\/index.php\/2025\/10\/16\/1622314280-filtro-de-aceite-ga30-37-vsd-ff-atlas-copco\/\"target=\"_blank\"><\/a><\/div><div class=\"eael-entry-thumbnail \">\n                            <img decoding=\"async\" width=\"300\" height=\"300\" src=\"https:\/\/compresoresindustrialessac.com\/wp-content\/uploads\/2025\/10\/H559e55767f3f4189b0da77464077210bn-300x300.avif\" class=\"attachment-medium size-medium wp-image-2609\" alt=\"\" srcset=\"https:\/\/compresoresindustrialessac.com\/wp-content\/uploads\/2025\/10\/H559e55767f3f4189b0da77464077210bn-300x300.avif 300w, https:\/\/compresoresindustrialessac.com\/wp-content\/uploads\/2025\/10\/H559e55767f3f4189b0da77464077210bn-150x150.avif 150w, https:\/\/compresoresindustrialessac.com\/wp-content\/uploads\/2025\/10\/H559e55767f3f4189b0da77464077210bn-768x768.avif 768w, https:\/\/compresoresindustrialessac.com\/wp-content\/uploads\/2025\/10\/H559e55767f3f4189b0da77464077210bn.avif 850w\" sizes=\"(max-width: 300px) 100vw, 300px\" \/>\n                            <\/div>\n                    <\/div><div class=\"eael-entry-wrapper\"><header class=\"eael-entry-header\"><h2 class=\"eael-entry-title\"><a class=\"eael-grid-post-link\" href=\"https:\/\/compresoresindustrialessac.com\/index.php\/2025\/10\/16\/1622314280-filtro-de-aceite-ga30-37-vsd-ff-atlas-copco\/\" title=\"1622314280 Filtro de aceite GA30-37 (+\/VSD\/FF) Atlas Copco\">1622314280 Filtro de aceite GA30-37 (+\/VSD\/FF) Atlas Copco<\/a><\/h2><\/header><\/div><\/div>\n    <\/div>\n<\/article><article class=\"eael-grid-post eael-post-grid-column\" data-id=\"2592\">\n    <div class=\"eael-grid-post-holder\">\n        <div class=\"eael-grid-post-holder-inner\"><div class=\"eael-entry-media\"><div class=\"eael-entry-overlay fade-in\"><i class=\"fas fa-long-arrow-alt-right\" aria-hidden=\"true\"><\/i><a href=\"https:\/\/compresoresindustrialessac.com\/index.php\/2025\/10\/16\/1613610500-filtro-de-aceite-ga11-15-18-22-atlas-copco\/\"target=\"_blank\"><\/a><\/div><div class=\"eael-entry-thumbnail \">\n                            <img decoding=\"async\" width=\"300\" height=\"300\" src=\"https:\/\/compresoresindustrialessac.com\/wp-content\/uploads\/2025\/10\/1613610500_b-300x300.jpg\" class=\"attachment-medium size-medium wp-image-2600\" alt=\"\" srcset=\"https:\/\/compresoresindustrialessac.com\/wp-content\/uploads\/2025\/10\/1613610500_b-300x300.jpg 300w, https:\/\/compresoresindustrialessac.com\/wp-content\/uploads\/2025\/10\/1613610500_b-150x150.jpg 150w, https:\/\/compresoresindustrialessac.com\/wp-content\/uploads\/2025\/10\/1613610500_b.jpg 500w\" sizes=\"(max-width: 300px) 100vw, 300px\" \/>\n                            <\/div>\n                    <\/div><div class=\"eael-entry-wrapper\"><header class=\"eael-entry-header\"><h2 class=\"eael-entry-title\"><a class=\"eael-grid-post-link\" href=\"https:\/\/compresoresindustrialessac.com\/index.php\/2025\/10\/16\/1613610500-filtro-de-aceite-ga11-15-18-22-atlas-copco\/\" title=\"1613610500  Filtro de aceite GA11\/15\/18\/22  Atlas Copco\">1613610500  Filtro de aceite GA11\/15\/18\/22  Atlas Copco<\/a><\/h2><\/header><\/div><\/div>\n    <\/div>\n<\/article><article class=\"eael-grid-post eael-post-grid-column\" data-id=\"2586\">\n    <div class=\"eael-grid-post-holder\">\n        <div class=\"eael-grid-post-holder-inner\"><div class=\"eael-entry-media\"><div class=\"eael-entry-overlay fade-in\"><i class=\"fas fa-long-arrow-alt-right\" aria-hidden=\"true\"><\/i><a href=\"https:\/\/compresoresindustrialessac.com\/index.php\/2025\/10\/16\/23424922-filtro-de-aceite-ir\/\"target=\"_blank\"><\/a><\/div><div class=\"eael-entry-thumbnail \">\n                            <img loading=\"lazy\" decoding=\"async\" width=\"300\" height=\"300\" src=\"https:\/\/compresoresindustrialessac.com\/wp-content\/uploads\/2025\/10\/31woe8bOFML._UF8941000_QL80_-300x300.jpg\" class=\"attachment-medium size-medium wp-image-2588\" alt=\"\" srcset=\"https:\/\/compresoresindustrialessac.com\/wp-content\/uploads\/2025\/10\/31woe8bOFML._UF8941000_QL80_-300x300.jpg 300w, https:\/\/compresoresindustrialessac.com\/wp-content\/uploads\/2025\/10\/31woe8bOFML._UF8941000_QL80_-150x150.jpg 150w, https:\/\/compresoresindustrialessac.com\/wp-content\/uploads\/2025\/10\/31woe8bOFML._UF8941000_QL80_-768x768.jpg 768w, https:\/\/compresoresindustrialessac.com\/wp-content\/uploads\/2025\/10\/31woe8bOFML._UF8941000_QL80_.jpg 894w\" sizes=\"(max-width: 300px) 100vw, 300px\" \/>\n                            <\/div>\n                    <\/div><div class=\"eael-entry-wrapper\"><header class=\"eael-entry-header\"><h2 class=\"eael-entry-title\"><a class=\"eael-grid-post-link\" href=\"https:\/\/compresoresindustrialessac.com\/index.php\/2025\/10\/16\/23424922-filtro-de-aceite-ir\/\" title=\"23424922 \u2014 Filtro de aceite \u2014 IR\">23424922 \u2014 Filtro de aceite \u2014 IR<\/a><\/h2><\/header><\/div><\/div>\n    <\/div>\n<\/article><article class=\"eael-grid-post eael-post-grid-column\" data-id=\"1940\">\n    <div class=\"eael-grid-post-holder\">\n        <div class=\"eael-grid-post-holder-inner\"><div class=\"eael-entry-media\"><div class=\"eael-entry-overlay fade-in\"><i class=\"fas fa-long-arrow-alt-right\" aria-hidden=\"true\"><\/i><a href=\"https:\/\/compresoresindustrialessac.com\/index.php\/2025\/10\/10\/filtro-de-aceite-39329602\/\"target=\"_blank\"><\/a><\/div><div class=\"eael-entry-thumbnail \">\n                            <img loading=\"lazy\" decoding=\"async\" width=\"198\" height=\"300\" src=\"https:\/\/compresoresindustrialessac.com\/wp-content\/uploads\/2025\/10\/61wyyipteL._AC_SL1500_-198x300.jpg\" class=\"attachment-medium size-medium wp-image-1945\" alt=\"\" srcset=\"https:\/\/compresoresindustrialessac.com\/wp-content\/uploads\/2025\/10\/61wyyipteL._AC_SL1500_-198x300.jpg 198w, https:\/\/compresoresindustrialessac.com\/wp-content\/uploads\/2025\/10\/61wyyipteL._AC_SL1500_-675x1024.jpg 675w, https:\/\/compresoresindustrialessac.com\/wp-content\/uploads\/2025\/10\/61wyyipteL._AC_SL1500_-768x1166.jpg 768w, https:\/\/compresoresindustrialessac.com\/wp-content\/uploads\/2025\/10\/61wyyipteL._AC_SL1500_.jpg 931w\" sizes=\"(max-width: 198px) 100vw, 198px\" \/>\n                            <\/div>\n                    <\/div><div class=\"eael-entry-wrapper\"><header class=\"eael-entry-header\"><h2 class=\"eael-entry-title\"><a class=\"eael-grid-post-link\" href=\"https:\/\/compresoresindustrialessac.com\/index.php\/2025\/10\/10\/filtro-de-aceite-39329602\/\" title=\"Filtro de Aceite 39329602\">Filtro de Aceite 39329602<\/a><\/h2><\/header><\/div><\/div>\n    <\/div>\n<\/article><article class=\"eael-grid-post eael-post-grid-column\" data-id=\"1920\">\n    <div class=\"eael-grid-post-holder\">\n        <div class=\"eael-grid-post-holder-inner\"><div class=\"eael-entry-media\"><div class=\"eael-entry-overlay fade-in\"><i class=\"fas fa-long-arrow-alt-right\" aria-hidden=\"true\"><\/i><a href=\"https:\/\/compresoresindustrialessac.com\/index.php\/2025\/10\/10\/filtro-de-aceite-6-3462-1-2\/\"target=\"_blank\"><\/a><\/div><div class=\"eael-entry-thumbnail \">\n                            <img loading=\"lazy\" decoding=\"async\" width=\"252\" height=\"300\" src=\"https:\/\/compresoresindustrialessac.com\/wp-content\/uploads\/2025\/02\/ModeloH.jpg\" class=\"attachment-medium size-medium wp-image-724\" alt=\"\" \/>\n                            <\/div>\n                    <\/div><div class=\"eael-entry-wrapper\"><header class=\"eael-entry-header\"><h2 class=\"eael-entry-title\"><a class=\"eael-grid-post-link\" href=\"https:\/\/compresoresindustrialessac.com\/index.php\/2025\/10\/10\/filtro-de-aceite-6-3462-1-2\/\" title=\"Filtro de Aceite 6.3462.1\u200b\">Filtro de Aceite 6.3462.1\u200b<\/a><\/h2><\/header><\/div><\/div>\n    <\/div>\n<\/article><\/div>\n            <div class=\"clearfix\"><\/div>\n        <\/div>            <div class=\"eael-load-more-button-wrap\">\n                <button class=\"eael-load-more-button\" id=\"eael-load-more-btn-44609af\" data-widget-id=\"44609af\" data-widget=\"44609af\" data-page-id=\"1952\" data-template=\"{&quot;dir&quot;:&quot;lite&quot;,&quot;file_name&quot;:&quot;two.php&quot;,&quot;name&quot;:&quot;Post-Grid&quot;}\" data-class=\"Essential_Addons_Elementor\\Elements\\Post_Grid\" data-layout=\"masonry\" data-page=\"1\" data-args=\"orderby=date&amp;order=desc&amp;ignore_sticky_posts=0&amp;post_status=publish&amp;posts_per_page=6&amp;offset=0&amp;post_type=post&amp;tax_query%5B0%5D%5Btaxonomy%5D=category&amp;tax_query%5B0%5D%5Bfield%5D=term_id&amp;tax_query%5B0%5D%5Bterms%5D%5B0%5D=34&amp;tax_query%5Brelation%5D=AND\" data-max-page=\"2\">\n                    <span class=\"eael-btn-loader button__loader\"><\/span>\n                    <span class=\"eael_load_more_text\">Load More<\/span>\n                <\/button>\n            <\/div>\n            \t\t\t\t<\/div>\n\t\t\t\t<\/div>\n\t\t\t\t<\/div>\n\t\t\t\t<\/div>\n\t\t\t\t<\/div>\n\t\t\t\t<\/div>\n\t\t<div class=\"elementor-element elementor-element-51e87dd e-con-full e-flex e-con e-parent\" data-id=\"51e87dd\" data-element_type=\"container\">\n\t\t<div class=\"elementor-element elementor-element-d53e8dc e-con-full e-flex e-con e-child\" data-id=\"d53e8dc\" data-element_type=\"container\">\n\t\t\t\t<div class=\"elementor-element elementor-element-57f9343 elementor-widget-divider--view-line elementor-widget elementor-widget-divider\" data-id=\"57f9343\" data-element_type=\"widget\" data-widget_type=\"divider.default\">\n\t\t\t\t<div class=\"elementor-widget-container\">\n\t\t\t\t\t\t\t<div class=\"elementor-divider\">\n\t\t\t<span class=\"elementor-divider-separator\">\n\t\t\t\t\t\t<\/span>\n\t\t<\/div>\n\t\t\t\t\t\t<\/div>\n\t\t\t\t<\/div>\n\t\t\t\t<div class=\"elementor-element elementor-element-ff9cb89 elementor-widget elementor-widget-heading\" data-id=\"ff9cb89\" data-element_type=\"widget\" data-widget_type=\"heading.default\">\n\t\t\t\t<div class=\"elementor-widget-container\">\n\t\t\t\t\t<h2 class=\"elementor-heading-title elementor-size-default\">Trabajan con nosotros<\/h2>\t\t\t\t<\/div>\n\t\t\t\t<\/div>\n\t\t<div class=\"elementor-element elementor-element-7f6c7ca e-grid e-con-boxed e-con e-child\" data-id=\"7f6c7ca\" data-element_type=\"container\">\n\t\t\t\t\t<div class=\"e-con-inner\">\n\t\t\t\t<div class=\"elementor-element elementor-element-5bd147b elementor-widget elementor-widget-image\" data-id=\"5bd147b\" data-element_type=\"widget\" data-widget_type=\"image.default\">\n\t\t\t\t<div class=\"elementor-widget-container\">\n\t\t\t\t\t\t\t\t\t\t\t\t\t\t\t<img loading=\"lazy\" decoding=\"async\" width=\"300\" height=\"229\" src=\"https:\/\/compresoresindustrialessac.com\/wp-content\/uploads\/2025\/10\/tecnopress-sac-2033273CA76F8A72131907thumbnail-300x229.jpeg\" class=\"attachment-medium size-medium wp-image-1764\" alt=\"\" srcset=\"https:\/\/compresoresindustrialessac.com\/wp-content\/uploads\/2025\/10\/tecnopress-sac-2033273CA76F8A72131907thumbnail-300x229.jpeg 300w, https:\/\/compresoresindustrialessac.com\/wp-content\/uploads\/2025\/10\/tecnopress-sac-2033273CA76F8A72131907thumbnail.jpeg 637w\" sizes=\"(max-width: 300px) 100vw, 300px\" \/>\t\t\t\t\t\t\t\t\t\t\t\t\t\t\t<\/div>\n\t\t\t\t<\/div>\n\t\t\t\t<div class=\"elementor-element elementor-element-ff638bb elementor-widget elementor-widget-image\" data-id=\"ff638bb\" data-element_type=\"widget\" data-widget_type=\"image.default\">\n\t\t\t\t<div class=\"elementor-widget-container\">\n\t\t\t\t\t\t\t\t\t\t\t\t\t\t\t<img loading=\"lazy\" decoding=\"async\" width=\"300\" height=\"300\" src=\"https:\/\/compresoresindustrialessac.com\/wp-content\/uploads\/2025\/10\/unnamed-300x300.jpg\" class=\"attachment-medium size-medium wp-image-1763\" alt=\"\" srcset=\"https:\/\/compresoresindustrialessac.com\/wp-content\/uploads\/2025\/10\/unnamed-300x300.jpg 300w, https:\/\/compresoresindustrialessac.com\/wp-content\/uploads\/2025\/10\/unnamed-150x150.jpg 150w, https:\/\/compresoresindustrialessac.com\/wp-content\/uploads\/2025\/10\/unnamed-768x768.jpg 768w, https:\/\/compresoresindustrialessac.com\/wp-content\/uploads\/2025\/10\/unnamed.jpg 900w\" sizes=\"(max-width: 300px) 100vw, 300px\" \/>\t\t\t\t\t\t\t\t\t\t\t\t\t\t\t<\/div>\n\t\t\t\t<\/div>\n\t\t\t\t<div class=\"elementor-element elementor-element-410257c elementor-widget elementor-widget-image\" data-id=\"410257c\" data-element_type=\"widget\" data-widget_type=\"image.default\">\n\t\t\t\t<div class=\"elementor-widget-container\">\n\t\t\t\t\t\t\t\t\t\t\t\t\t\t\t<img loading=\"lazy\" decoding=\"async\" width=\"200\" height=\"200\" src=\"https:\/\/compresoresindustrialessac.com\/wp-content\/uploads\/2025\/10\/alicisac_logo.jpeg\" class=\"attachment-medium size-medium wp-image-1761\" alt=\"\" srcset=\"https:\/\/compresoresindustrialessac.com\/wp-content\/uploads\/2025\/10\/alicisac_logo.jpeg 200w, https:\/\/compresoresindustrialessac.com\/wp-content\/uploads\/2025\/10\/alicisac_logo-150x150.jpeg 150w\" sizes=\"(max-width: 200px) 100vw, 200px\" \/>\t\t\t\t\t\t\t\t\t\t\t\t\t\t\t<\/div>\n\t\t\t\t<\/div>\n\t\t\t\t<div class=\"elementor-element elementor-element-4041f5f elementor-widget elementor-widget-image\" data-id=\"4041f5f\" data-element_type=\"widget\" data-widget_type=\"image.default\">\n\t\t\t\t<div class=\"elementor-widget-container\">\n\t\t\t\t\t\t\t\t\t\t\t\t\t\t\t<img loading=\"lazy\" decoding=\"async\" width=\"225\" height=\"225\" src=\"https:\/\/compresoresindustrialessac.com\/wp-content\/uploads\/2025\/10\/images-1-1.png\" class=\"attachment-medium size-medium wp-image-1721\" alt=\"\" srcset=\"https:\/\/compresoresindustrialessac.com\/wp-content\/uploads\/2025\/10\/images-1-1.png 225w, https:\/\/compresoresindustrialessac.com\/wp-content\/uploads\/2025\/10\/images-1-1-150x150.png 150w\" sizes=\"(max-width: 225px) 100vw, 225px\" \/>\t\t\t\t\t\t\t\t\t\t\t\t\t\t\t<\/div>\n\t\t\t\t<\/div>\n\t\t\t\t<div class=\"elementor-element elementor-element-47f5428 elementor-widget elementor-widget-image\" data-id=\"47f5428\" data-element_type=\"widget\" data-widget_type=\"image.default\">\n\t\t\t\t<div class=\"elementor-widget-container\">\n\t\t\t\t\t\t\t\t\t\t\t\t\t\t\t<img loading=\"lazy\" decoding=\"async\" width=\"200\" height=\"200\" src=\"https:\/\/compresoresindustrialessac.com\/wp-content\/uploads\/2025\/10\/J7yfKs6xIeORbYfb0kxgitxePmP1605468910083_200x200.png\" class=\"attachment-medium size-medium wp-image-1844\" alt=\"\" srcset=\"https:\/\/compresoresindustrialessac.com\/wp-content\/uploads\/2025\/10\/J7yfKs6xIeORbYfb0kxgitxePmP1605468910083_200x200.png 200w, https:\/\/compresoresindustrialessac.com\/wp-content\/uploads\/2025\/10\/J7yfKs6xIeORbYfb0kxgitxePmP1605468910083_200x200-150x150.png 150w\" sizes=\"(max-width: 200px) 100vw, 200px\" \/>\t\t\t\t\t\t\t\t\t\t\t\t\t\t\t<\/div>\n\t\t\t\t<\/div>\n\t\t\t\t<div class=\"elementor-element elementor-element-76ab24e elementor-widget elementor-widget-image\" data-id=\"76ab24e\" data-element_type=\"widget\" data-widget_type=\"image.default\">\n\t\t\t\t<div class=\"elementor-widget-container\">\n\t\t\t\t\t\t\t\t\t\t\t\t\t\t\t<img loading=\"lazy\" decoding=\"async\" width=\"225\" height=\"225\" src=\"https:\/\/compresoresindustrialessac.com\/wp-content\/uploads\/2025\/10\/images.jpeg\" class=\"attachment-medium size-medium wp-image-1845\" alt=\"\" srcset=\"https:\/\/compresoresindustrialessac.com\/wp-content\/uploads\/2025\/10\/images.jpeg 225w, https:\/\/compresoresindustrialessac.com\/wp-content\/uploads\/2025\/10\/images-150x150.jpeg 150w\" sizes=\"(max-width: 225px) 100vw, 225px\" \/>\t\t\t\t\t\t\t\t\t\t\t\t\t\t\t<\/div>\n\t\t\t\t<\/div>\n\t\t\t\t\t<\/div>\n\t\t\t\t<\/div>\n\t\t\t\t<\/div>\n\t\t\t\t<\/div>\n\t\t\t\t<\/div>\n\t\t","protected":false},"excerpt":{"rendered":"<p>ART\u00cdCULOS, REPUESTOS Y SERVICIOS. Nuestros Filtros de Aceite. Encuentra la mejor selecci\u00f3n de filtros de aceite para tu compresor. Contamos con repuestos originales y alternativos para las principales marcas del [&hellip;]<\/p>\n","protected":false},"author":2,"featured_media":0,"parent":0,"menu_order":0,"comment_status":"closed","ping_status":"closed","template":"full-width","meta":{"_EventAllDay":false,"_EventTimezone":"","_EventStartDate":"","_EventEndDate":"","_EventStartDateUTC":"","_EventEndDateUTC":"","_EventShowMap":false,"_EventShowMapLink":false,"_EventURL":"","_EventCost":"","_EventCostDescription":"","_EventCurrencySymbol":"","_EventCurrencyCode":"","_EventCurrencyPosition":"","_EventDateTimeSeparator":"","_EventTimeRangeSeparator":"","_EventOrganizerID":[],"_EventVenueID":[],"_OrganizerEmail":"","_OrganizerPhone":"","_OrganizerWebsite":"","_VenueAddress":"","_VenueCity":"","_VenueCountry":"","_VenueProvince":"","_VenueState":"","_VenueZip":"","_VenuePhone":"","_VenueURL":"","_VenueStateProvince":"","_VenueLat":"","_VenueLng":"","_VenueShowMap":false,"_VenueShowMapLink":false,"footnotes":""},"class_list":["post-1952","page","type-page","status-publish","hentry"],"_links":{"self":[{"href":"https:\/\/compresoresindustrialessac.com\/index.php\/wp-json\/wp\/v2\/pages\/1952","targetHints":{"allow":["GET"]}}],"collection":[{"href":"https:\/\/compresoresindustrialessac.com\/index.php\/wp-json\/wp\/v2\/pages"}],"about":[{"href":"https:\/\/compresoresindustrialessac.com\/index.php\/wp-json\/wp\/v2\/types\/page"}],"author":[{"embeddable":true,"href":"https:\/\/compresoresindustrialessac.com\/index.php\/wp-json\/wp\/v2\/users\/2"}],"replies":[{"embeddable":true,"href":"https:\/\/compresoresindustrialessac.com\/index.php\/wp-json\/wp\/v2\/comments?post=1952"}],"version-history":[{"count":29,"href":"https:\/\/compresoresindustrialessac.com\/index.php\/wp-json\/wp\/v2\/pages\/1952\/revisions"}],"predecessor-version":[{"id":2215,"href":"https:\/\/compresoresindustrialessac.com\/index.php\/wp-json\/wp\/v2\/pages\/1952\/revisions\/2215"}],"wp:attachment":[{"href":"https:\/\/compresoresindustrialessac.com\/index.php\/wp-json\/wp\/v2\/media?parent=1952"}],"curies":[{"name":"wp","href":"https:\/\/api.w.org\/{rel}","templated":true}]}}